{"id":41,"date":"2018-05-20T19:49:52","date_gmt":"2018-05-20T16:49:52","guid":{"rendered":"http:\/\/betoontuli.ee\/?page_id=41"},"modified":"2018-07-01T19:31:59","modified_gmt":"2018-07-01T16:31:59","slug":"tooted","status":"publish","type":"page","link":"https:\/\/betoontuli.ee\/en_US\/tooted\/","title":{"rendered":"Products"},"content":{"rendered":"<p style=\"text-align: justify;\"><span style=\"font-family: helvetica, arial, sans-serif;\">Toodete valmistamiseks kasutame testitud tehnoloogiaid, tagamaks et valmistatud tooted oleks vastupidavad ja pikaealised.<\/span><\/p>\n<p style=\"text-align: justify;\"><span style=\"font-family: helvetica, arial, sans-serif;\">K\u00f5ik tooted valmistame k\u00e4sit\u00f6\u00f6na. Nii vormide valmistamine, betooni valamine, kui juba kivistunud detailide viimistelmine toimub k\u00e4sitsi, mis annab tootele oma erip\u00e4ra. Samuti annab see kliendile v\u00f5imaluse tellida just temale sobivate m\u00f5\u00f5tmetega toote. Enne tellimuse esitamist tasuks m\u00f5elda ka millist viimistlust soovitakse sest ka need variandid on erinevad.<\/span><\/p>\n<p style=\"text-align: justify;\"><span style=\"font-family: helvetica, arial, sans-serif;\">Gaasip\u00f5letid on varustatud juhtpaneeliga, mille kaudu saab tule s\u00fc\u00fcdata tikkudeta ja reguleerida leegi k\u00f5rgust. K\u00fctuseks on propaan. 5 kg propaaniga saab tuld nautida 8-10 tundi, s\u00f5ltuvalt leegi suurusest.<\/span><\/p>\n<p><span style=\"font-family: helvetica, arial, sans-serif;\"><strong>Kinnistes ruumides kasutamiseks on vajalik l\u00f5\u00f5ri olemasolu.<\/strong><\/span><\/p>\n","protected":false},"excerpt":{"rendered":"<p>&#8230;<\/p>\n","protected":false},"author":1,"featured_media":0,"parent":0,"menu_order":0,"comment_status":"closed","ping_status":"closed","template":"","meta":{"footnotes":""},"class_list":["post-41","page","type-page","status-publish","hentry"],"_links":{"self":[{"href":"https:\/\/betoontuli.ee\/en_US\/wp-json\/wp\/v2\/pages\/41","targetHints":{"allow":["GET"]}}],"collection":[{"href":"https:\/\/betoontuli.ee\/en_US\/wp-json\/wp\/v2\/pages"}],"about":[{"href":"https:\/\/betoontuli.ee\/en_US\/wp-json\/wp\/v2\/types\/page"}],"author":[{"embeddable":true,"href":"https:\/\/betoontuli.ee\/en_US\/wp-json\/wp\/v2\/users\/1"}],"replies":[{"embeddable":true,"href":"https:\/\/betoontuli.ee\/en_US\/wp-json\/wp\/v2\/comments?post=41"}],"version-history":[{"count":5,"href":"https:\/\/betoontuli.ee\/en_US\/wp-json\/wp\/v2\/pages\/41\/revisions"}],"predecessor-version":[{"id":756,"href":"https:\/\/betoontuli.ee\/en_US\/wp-json\/wp\/v2\/pages\/41\/revisions\/756"}],"wp:attachment":[{"href":"https:\/\/betoontuli.ee\/en_US\/wp-json\/wp\/v2\/media?parent=41"}],"curies":[{"name":"wp","href":"https:\/\/api.w.org\/{rel}","templated":true}]}}