{"id":921,"date":"2019-02-02T00:06:02","date_gmt":"2019-02-01T22:06:02","guid":{"rendered":"http:\/\/www.betoontuli.ee\/?page_id=921"},"modified":"2021-04-25T20:19:14","modified_gmt":"2021-04-25T17:19:14","slug":"ettevottest-ja-ettevotmistest","status":"publish","type":"page","link":"https:\/\/betoontuli.ee\/en_US\/ettevottest-ja-ettevotmistest\/","title":{"rendered":"About us"},"content":{"rendered":"<p style=\"text-align: justify;\"><span style=\"font-family: helvetica, arial, sans-serif;\">BetoonTuli O\u00dc on noor ja arenev ettev\u00f5te, mille tegevuseks on betoonist toodete valmistamine. Vaatamata sellele, et p\u00f5hitoodeteks on kaminlauad, valmistame ka muid tooteid nii ruumidesse kui v\u00e4litingimustesse. Kuna betoonist tooted on k\u00fcllaltki rasked, kuid samas ilmastikule vastupidavad siis sobivad need suurep\u00e4raselt just aedadesse, terrassidele jne.<\/span><\/p>\n<p style=\"text-align: justify;\"><span style=\"font-family: helvetica, arial, sans-serif;\">Kodulehel n\u00e4ha olevate kaminlaudade puhul on tegemist n\u00e4idismudelitega. Kui soovite k\u00f5rgemat, madalamat, siit laiemat, sealt kitsamat siis tasub alati k\u00fcsida, kindlasti on see teostatav.<\/span><\/p>\n<p style=\"text-align: justify;\"><span style=\"font-family: helvetica, arial, sans-serif;\">T\u00e4naseks p\u00e4evaks oleme veel klientidele valmistanud erinevaid valgusteid, lillepotte, lillekaste, t\u00e4navakivi plaate, k\u00f6\u00f6gitasapindu jne. V\u00e4iksemateks toodedeks on olnud soolatopsid, dosaatorid jne. Testimisel on kraanikausid.<\/span><\/p>\n<p style=\"text-align: justify;\"><span style=\"font-family: helvetica, arial, sans-serif;\">Kuna k\u00f5ik tooted valmivad k\u00e4sit\u00f6\u00f6na siis iga tellitud toode saab individuaalse l\u00e4henemise mis tagab just sellise tulemi, mida klient soovib.<\/span><\/p>\n<p style=\"text-align: justify;\"><span style=\"font-family: helvetica, arial, sans-serif;\">Kuna tegemist ei ole hulgikaubanduse ega masstoodanguga siis meie kaupa kaubandusketidest ei leia, saate soetada tooted otse tootjalt, vahendustasuta ja t\u00e4pselt seda, mida soovite.<\/span><\/p>\n<p><span style=\"font-family: helvetica, arial, sans-serif;\">Jooksvalt saab meie tegemisi ja uudiseid j\u00e4lgida&nbsp;<a href=\"https:\/\/www.facebook.com\/BetoonTuli\/\">N\u00e4oraamatust<\/a>.<\/span><\/p>\n<p style=\"text-align: justify;\"><span style=\"font-family: helvetica, arial, sans-serif;\">J\u00e4\u00e4me teie huvitavaid tellimusi ootama!<\/span><\/p>\n<p style=\"text-align: justify;\"><a href=\"https:\/\/youtu.be\/Dck_Q-T9ddY\">Tutvustust Nurgakivis vaata siit.<\/a><\/p>\n","protected":false},"excerpt":{"rendered":"<p>BetoonTuli O\u00dc on noor ja arenev ettev\u00f5te, mille tegevuseks on betoonist toodete valmistamine. Vaatamata sellele, et p\u00f5hitoodeteks on kaminlauad, valmistame ka muid tooteid nii ruumidesse kui v\u00e4litingimustesse. Kuna betoonist tooted on k\u00fcllaltki raske&#8230;<\/p>\n","protected":false},"author":1,"featured_media":0,"parent":0,"menu_order":0,"comment_status":"closed","ping_status":"closed","template":"","meta":{"footnotes":""},"class_list":["post-921","page","type-page","status-publish","hentry"],"_links":{"self":[{"href":"https:\/\/betoontuli.ee\/en_US\/wp-json\/wp\/v2\/pages\/921","targetHints":{"allow":["GET"]}}],"collection":[{"href":"https:\/\/betoontuli.ee\/en_US\/wp-json\/wp\/v2\/pages"}],"about":[{"href":"https:\/\/betoontuli.ee\/en_US\/wp-json\/wp\/v2\/types\/page"}],"author":[{"embeddable":true,"href":"https:\/\/betoontuli.ee\/en_US\/wp-json\/wp\/v2\/users\/1"}],"replies":[{"embeddable":true,"href":"https:\/\/betoontuli.ee\/en_US\/wp-json\/wp\/v2\/comments?post=921"}],"version-history":[{"count":5,"href":"https:\/\/betoontuli.ee\/en_US\/wp-json\/wp\/v2\/pages\/921\/revisions"}],"predecessor-version":[{"id":1033,"href":"https:\/\/betoontuli.ee\/en_US\/wp-json\/wp\/v2\/pages\/921\/revisions\/1033"}],"wp:attachment":[{"href":"https:\/\/betoontuli.ee\/en_US\/wp-json\/wp\/v2\/media?parent=921"}],"curies":[{"name":"wp","href":"https:\/\/api.w.org\/{rel}","templated":true}]}}