{"id":16,"date":"2018-05-16T22:23:50","date_gmt":"2018-05-16T19:23:50","guid":{"rendered":"http:\/\/betoontuli.ee\/?page_id=16"},"modified":"2020-06-01T20:37:46","modified_gmt":"2020-06-01T17:37:46","slug":"esileht","status":"publish","type":"page","link":"https:\/\/betoontuli.ee\/fi\/","title":{"rendered":"Etusivu"},"content":{"rendered":"<ul>\n<li style=\"text-align: justify;\"><span style=\"font-family: helvetica, arial, sans-serif;\">Tykk\u00e4\u00e4t v\u00e4sytt\u00e4v\u00e4n p\u00e4iv\u00e4n j\u00e4lkeen istua yksin tai kumppanin kanssa terassilla, taustana kevyesti l\u00e4mmitt\u00e4v\u00e4 tulenliekki. <\/span><\/li>\n<li style=\"text-align: justify;\"><span style=\"font-family: helvetica, arial, sans-serif;\">Haluaisit omistaa avoimen tulipes\u00e4n, mutta puun palamisen seurauksena syntyv\u00e4t kipin\u00e4t ovat helposti syttyvi\u00e4. <\/span><\/li>\n<li style=\"text-align: justify;\"><span style=\"font-family: helvetica, arial, sans-serif;\">Et tykk\u00e4\u00e4 kantaa takkapuita toisen kerroksen terassillesi. <\/span><\/li>\n<li style=\"text-align: justify;\"><span style=\"font-family: helvetica, arial, sans-serif;\">Et pid\u00e4 siit\u00e4, kun takasta tuhkaa siivotessa tuulenpuuska puhaltaa sen lev\u00e4lleen ja koko tuhkan kanssa kapinoiminen on kaikin puolin \u00e4rsytt\u00e4v\u00e4\u00e4 puuhaa. <\/span><\/li>\n<li style=\"text-align: justify;\"><span style=\"font-family: helvetica, arial, sans-serif;\">Nautit yksinkertaisuudesta ja mukavuudesta.<\/span><\/li>\n<\/ul>\n<p style=\"text-align: justify;\"><span style=\"font-family: helvetica, arial, sans-serif;\">Jos tunnistit itsesi, niin olet sattunut juuri oikeaan paikkaan.<\/span><\/p>\n<p style=\"text-align: justify;\"><span style=\"font-family: helvetica, arial, sans-serif;\">Tarjoamme sinulle betonista valmistettuja tulip\u00f6yti\u00e4 avoimella tulisijalla, joita voi kutsua my\u00f6s takkap\u00f6ydiksi tai tulip\u00f6ydiksi (englannin kielell\u00e4 tunnetaan nimell\u00e4 fire table ja fire pit). L\u00e4mmittimen\u00e4 on kaasupolttimet ja polttoaineena propaani.<\/span><\/p>\n<p>&nbsp;<\/p>\n<p style=\"text-align: justify;\"><span style=\"font-family: helvetica, arial, sans-serif; font-size: 14pt;\"><strong>Miksi kaasupolttimet?<\/strong><\/span><\/p>\n<p style=\"text-align: justify;\"><span style=\"font-family: helvetica, arial, sans-serif;\">Kyseess\u00e4 on saada k\u00e4tev\u00e4sti aito tulenliekki, joka on niin silm\u00e4niloksi kuin my\u00f6s l\u00e4mm\u00f6nl\u00e4hteeksi. Napin painalluksella sytyt\u00e4t liekin ja yht\u00e4 nopeasti voi sen my\u00f6s sammuttaa. Palamisen seurauksena ei synny j\u00e4\u00e4mi\u00e4, joita t\u00e4ytyisi my\u00f6hemmin siivota. Syntyy vain v\u00e4h\u00e4isess\u00e4 m\u00e4\u00e4rin j\u00e4\u00e4mi\u00e4 kaasun palamisesta, jotka haihtuvat ulkotiloissa huomaamattomasti. Kaasupolttimen voi peitt\u00e4\u00e4 keraamisten halkojen varjoon, jotka auttavat liekki\u00e4 jakautumaan tasaisesti sek\u00e4 luomaan vaikutelman aidosti palavista puista.<\/span><\/p>\n<p style=\"text-align: justify;\"><span style=\"font-family: helvetica, arial, sans-serif; font-size: 14pt;\"><strong>Miksi betonista?<\/strong><\/span><\/p>\n<p style=\"text-align: justify;\"><span style=\"font-family: helvetica, arial, sans-serif;\">Betoni on inspiroiva ja k\u00e4ytt\u00f6mahdollisuuksiltaan loputon materiaali, joka liitt\u00e4\u00e4 kauniisti niin taiteen, arkkitehtuurin kuin my\u00f6s k\u00e4sity\u00f6n. Siin\u00e4 on jotain mahtavaa, sill\u00e4 ei ole paljon materiaaleja, jotka pystyv\u00e4t itsess\u00e4\u00e4n samanaikaisesti kantamaan tunnetta, k\u00e4yt\u00e4nn\u00f6llisyytt\u00e4 kuin my\u00f6s el\u00e4vyytt\u00e4 ja esteettisyytt\u00e4. Kyseess\u00e4 on erinomainen rakennusmateriaali, joka on kest\u00e4v\u00e4 ja tulenkest\u00e4v\u00e4, sit\u00e4 voi viimeistell\u00e4 juuri t\u00e4sm\u00e4lleen sellaiseksi, millaisen lopputuloksen itse haluaa. Sit\u00e4 on mahdollista hioa, kiillottaa, v\u00e4rj\u00e4t\u00e4, samoin liitt\u00e4\u00e4 ja yhdistell\u00e4 toisten materiaalien kanssa, kuten esim. kivi, lasi, puu ja metalli. Betoni edustaa niin pysyvyytt\u00e4 kuin my\u00f6s l\u00e4mp\u00f6\u00e4, sill\u00e4 sen rakenteesta huokuu kiville tyypillist\u00e4 majesteettisuutta.<\/span><\/p>\n","protected":false},"excerpt":{"rendered":"<p><span style=\"color: #333333;\">Tykk\u00e4\u00e4t v\u00e4sytt\u00e4v\u00e4n p\u00e4iv\u00e4n j\u00e4lkeen istua yksin tai kumppanin kanssa terassilla, taustana kevyesti l\u00e4mmitt\u00e4v\u00e4 tulenliekki. Haluaisit omistaa avoimen tulipes\u00e4n, mutta puun palamisen seurauksena syntyv\u00e4t kipin\u00e4t ovat helpost&#8230;<\/p>\n","protected":false},"author":1,"featured_media":0,"parent":0,"menu_order":0,"comment_status":"closed","ping_status":"closed","template":"","meta":{"footnotes":""},"class_list":["post-16","page","type-page","status-publish","hentry"],"_links":{"self":[{"href":"https:\/\/betoontuli.ee\/fi\/wp-json\/wp\/v2\/pages\/16","targetHints":{"allow":["GET"]}}],"collection":[{"href":"https:\/\/betoontuli.ee\/fi\/wp-json\/wp\/v2\/pages"}],"about":[{"href":"https:\/\/betoontuli.ee\/fi\/wp-json\/wp\/v2\/types\/page"}],"author":[{"embeddable":true,"href":"https:\/\/betoontuli.ee\/fi\/wp-json\/wp\/v2\/users\/1"}],"replies":[{"embeddable":true,"href":"https:\/\/betoontuli.ee\/fi\/wp-json\/wp\/v2\/comments?post=16"}],"version-history":[{"count":5,"href":"https:\/\/betoontuli.ee\/fi\/wp-json\/wp\/v2\/pages\/16\/revisions"}],"predecessor-version":[{"id":974,"href":"https:\/\/betoontuli.ee\/fi\/wp-json\/wp\/v2\/pages\/16\/revisions\/974"}],"wp:attachment":[{"href":"https:\/\/betoontuli.ee\/fi\/wp-json\/wp\/v2\/media?parent=16"}],"curies":[{"name":"wp","href":"https:\/\/api.w.org\/{rel}","templated":true}]}}