{"id":18,"date":"2018-05-16T22:23:50","date_gmt":"2018-05-16T19:23:50","guid":{"rendered":"http:\/\/betoontuli.ee\/?page_id=18"},"modified":"2020-11-19T00:50:27","modified_gmt":"2020-11-18T22:50:27","slug":"kontakt","status":"publish","type":"page","link":"https:\/\/betoontuli.ee\/fi\/kontakt\/","title":{"rendered":"Yhteystiedot"},"content":{"rendered":"<p><span style=\"font-family: helvetica, arial, sans-serif;\">Sijaitsemme Tallinnan vierell\u00e4, osoitteessa Sepa tee 3 (Saha tee 16D), Loo, J\u00f5el\u00e4htmen kunta. <\/span> <span style=\"font-family: helvetica, arial, sans-serif;\">Jos haluat tulla vierailemaan meille, soita tai kirjoita ja l\u00f6yd\u00e4mme molemmille sopivan ajan tapaamista varten. <\/span> <span style=\"font-family: helvetica, arial, sans-serif;\">Puh: +372 5288215 <\/span> <span style=\"font-family: helvetica, arial, sans-serif;\">S\u00e4hk\u00f6posti<strong> info@betoontuli.ee\u00a0<\/strong><\/span> <span style=\"font-family: helvetica, arial, sans-serif;\">N\u00e4kemiin ! <\/span>             <script type=\"text\/javascript\">\r\n                jQuery(document).ready(function ($) {\r\n                    var wgm_map = new google.maps.Map(document.getElementById(\"srm_gmp_embed_1\"), {\r\n                        center: new google.maps.LatLng(59.4324777,24.94866609999997),\r\n                        zoom:13,\r\n                        mapTypeId: google.maps.MapTypeId.ROADMAP,\r\n                        scrollwheel: true,\r\n                        zoomControl: true,\r\n                        mapTypeControl: true,\r\n                        streetViewControl: true,\r\n                        fullscreenControl: true,\r\n                        draggable: true,\r\n                        disableDoubleClickZoom: false,\r\n                        panControl: true                    });\r\n                    var wgm_theme_json = '';\r\n                    if (wgm_theme_json.length > 0) {\r\n                        wgm_map.setOptions({styles: JSON.parse(wgm_theme_json)});\r\n                    }\r\n                    \/\/ To view directions form and data\r\n                                        var wgm_data_1 = {\r\n                        'action': 'wpgmapembed_p_get_markers_by_map_id',\r\n                        'data': {\r\n                            map_id: '837',\r\n                            ajax_nonce: '4326bf99a1'\r\n                        }\r\n                    };\r\n                    var wgm_ajaxurl_1 = 'https:\/\/betoontuli.ee\/wp-admin\/admin-ajax.php'\r\n                    jQuery.post(wgm_ajaxurl_1, wgm_data_1, function (response) {\r\n                        response = JSON.parse(response);\r\n                        if (response.markers.length === 1) {\r\n                            var wgm_marker_to_1 = response.markers[0].marker_desc.replace(\/&gt;\/g, '>').replace(\/&lt;\/g, '<');\r\n                            jQuery('#srm_gmap_to_1').val(wgm_marker_to_1.replace(\/(<([^>]+)>)\/gi, \"\"));\r\n                        }\r\n                        var wgm_default_marker_icon_1 = 'https:\/\/maps.gstatic.com\/mapfiles\/api-3\/images\/spotlight-poi2.png';\r\n                        if (response.markers.length > 0) {\r\n                            var custom_markers = [];\r\n                            var custom_marker_infowindows = [];\r\n                            response.markers.forEach(function (wgm_marker, i) {\r\n                                var wgm_marker_lat_lng_1 = wgm_marker.lat_lng.split(',');\r\n                                wgm_custom_marker_1 = new google.maps.Marker({\r\n                                    position: new google.maps.LatLng(wgm_marker_lat_lng_1[0], wgm_marker_lat_lng_1[1]),\r\n                                    title: wgm_marker.marker_name,\r\n                                    animation: google.maps.Animation.DROP,\r\n                                    icon: (wgm_marker.icon === '') ? wgm_default_marker_icon_1 : wgm_marker.icon\r\n                                });\r\n                                custom_markers[i] = wgm_custom_marker_1;\r\n                                wgm_custom_marker_1.setMap(wgm_map);\r\n                                var wgm_marker_name_1 = (wgm_marker.marker_name !== null) ? ('<span class=\"info_content_title\" style=\"font-size:18px;font-weight: bold;font-family: Arial;\">'\r\n                                    + wgm_marker.marker_name +\r\n                                    '<\/span><br\/>') : '';\r\n                                wgm_marker.marker_desc = wgm_marker.marker_desc.replace(\/&gt;\/g, '>').replace(\/&lt;\/g, '<');\r\n                                custom_marker_infowindow = new google.maps.InfoWindow({\r\n                                    content: wgm_marker_name_1 + wgm_marker.marker_desc\r\n                                });\r\n                                custom_marker_infowindows[i] = custom_marker_infowindow;\r\n                                if (wgm_marker.show_desc_by_default === '1') {\r\n                                    custom_marker_infowindow.open({\r\n                                        anchor: wgm_custom_marker_1,\r\n                                        shouldFocus: false\r\n                                    });\r\n                                } else {\r\n                                    google.maps.event.addListener(wgm_custom_marker_1, 'click', function () {\r\n                                        custom_marker_infowindows[i].open({\r\n                                            anchor: custom_markers[i],\r\n                                            shouldFocus: false\r\n                                        });\r\n                                    });\r\n                                }\r\n                                if (wgm_marker.have_marker_link === '1') {\r\n                                    google.maps.event.addListener(wgm_custom_marker_1, 'click', function () {\r\n                                        var wgm_target = '_self';\r\n                                        if (wgm_marker.marker_link_new_tab === '1') {\r\n                                            wgm_target = '_blank';\r\n                                        }\r\n                                        window.open(wgm_marker.marker_link, wgm_target);\r\n                                    });\r\n                                }\r\n                            });\r\n                        }\r\n                    });\r\n                });\r\n\r\n            <\/script>\r\n\r\n            <div id=\"srm_gmp_embed_1\"\r\n                 style=\"width:100% !important;height:300px  !important; \">\r\n            <\/div>\r\n                    <\/p>\n","protected":false},"excerpt":{"rendered":"<p>&nbsp;<\/p>\n<p>&nbsp;<\/p>\n<p><span style=\"color: #ffffff;\">Sijaitsemme Tallinnan vierell\u00e4, osoitteessa Saha tee 16D, Loo, J\u00f5el\u00e4htmen kunta.<\/span><\/p>\n<p><span style=\"color: #ffffff;\">Jos haluat tulla vierailemaan meille, soita tai kirjoita ja l\u00f6yd\u00e4mme molemmille&#8230;<\/p>\n","protected":false},"author":1,"featured_media":0,"parent":0,"menu_order":0,"comment_status":"closed","ping_status":"closed","template":"","meta":{"footnotes":""},"class_list":["post-18","page","type-page","status-publish","hentry"],"_links":{"self":[{"href":"https:\/\/betoontuli.ee\/fi\/wp-json\/wp\/v2\/pages\/18","targetHints":{"allow":["GET"]}}],"collection":[{"href":"https:\/\/betoontuli.ee\/fi\/wp-json\/wp\/v2\/pages"}],"about":[{"href":"https:\/\/betoontuli.ee\/fi\/wp-json\/wp\/v2\/types\/page"}],"author":[{"embeddable":true,"href":"https:\/\/betoontuli.ee\/fi\/wp-json\/wp\/v2\/users\/1"}],"replies":[{"embeddable":true,"href":"https:\/\/betoontuli.ee\/fi\/wp-json\/wp\/v2\/comments?post=18"}],"version-history":[{"count":5,"href":"https:\/\/betoontuli.ee\/fi\/wp-json\/wp\/v2\/pages\/18\/revisions"}],"predecessor-version":[{"id":1027,"href":"https:\/\/betoontuli.ee\/fi\/wp-json\/wp\/v2\/pages\/18\/revisions\/1027"}],"wp:attachment":[{"href":"https:\/\/betoontuli.ee\/fi\/wp-json\/wp\/v2\/media?parent=18"}],"curies":[{"name":"wp","href":"https:\/\/api.w.org\/{rel}","templated":true}]}}