{"id":41,"date":"2018-05-20T19:49:52","date_gmt":"2018-05-20T16:49:52","guid":{"rendered":"http:\/\/betoontuli.ee\/?page_id=41"},"modified":"2018-07-01T19:31:59","modified_gmt":"2018-07-01T16:31:59","slug":"tooted","status":"publish","type":"page","link":"https:\/\/betoontuli.ee\/fi\/tooted\/","title":{"rendered":"Tuotteet"},"content":{"rendered":"<p style=\"text-align: justify;\"><span style=\"font-family: helvetica, arial, sans-serif;\">K\u00e4sity\u00f6n\u00e4 valmistetut takkap\u00f6yd\u00e4t, tunnetaan my\u00f6s tulip\u00f6ytin\u00e4. Helppo ja mukava tapa tuoda omalle terassille, puutarhaan, pihalle jne el\u00e4v\u00e4 tuli, joka silm\u00e4nilon lis\u00e4ksi my\u00f6s l\u00e4mmitt\u00e4\u00e4.<\/span><\/p>\n<p style=\"text-align: justify;\"><span style=\"font-family: helvetica, arial, sans-serif;\">P\u00f6yd\u00e4t on valmistettu betonista ja niiss\u00e4 on kaasupolttimet. <\/span><\/p>\n<p style=\"text-align: justify;\"><span style=\"font-family: helvetica, arial, sans-serif;\">Tilaa p\u00f6yt\u00e4 juuri itselle sopivilla mitoilla ja viimeistelyll\u00e4!<\/span><\/p>\n<p style=\"text-align: justify;\"><span style=\"font-family: helvetica, arial, sans-serif;\">Jos haluat hankkia itselle takkap\u00f6yd\u00e4n, niin ota meihin yhteytt\u00e4, suunnitellaan mill\u00e4 muotoilulla, mink\u00e4 s\u00e4vyisen ja millaisella viimeistelyll\u00e4 haluat p\u00f6yd\u00e4n itsellesi. Jos tilattavan tuotteen mitat ja muotoilu on paikallaan, voimme koostaa teille tarjouksen. Tuotteen valmistusaika enint\u00e4\u00e4n 3 viikkoa.<\/span><\/p>\n","protected":false},"excerpt":{"rendered":"<p>&nbsp;<\/p>\n<p>&nbsp;<\/p>\n<p><span style=\"color: #ffffff;\">K\u00e4sity\u00f6n\u00e4 valmistetut takkap\u00f6yd\u00e4t, tunnetaan my\u00f6s tulip\u00f6ytin\u00e4. Helppo ja mukava tapa tuoda omalle terassille, puutarhaan, pihalle jne el\u00e4v\u00e4 tuli, joka silm\u00e4nilon lis\u00e4ksi my\u00f6s l\u00e4mmitt\u00e4\u00e4.<\/span><\/p>\n<p><spa...\n<\/p>\n","protected":false},"author":1,"featured_media":0,"parent":0,"menu_order":0,"comment_status":"closed","ping_status":"closed","template":"","meta":{"footnotes":""},"class_list":["post-41","page","type-page","status-publish","hentry"],"_links":{"self":[{"href":"https:\/\/betoontuli.ee\/fi\/wp-json\/wp\/v2\/pages\/41","targetHints":{"allow":["GET"]}}],"collection":[{"href":"https:\/\/betoontuli.ee\/fi\/wp-json\/wp\/v2\/pages"}],"about":[{"href":"https:\/\/betoontuli.ee\/fi\/wp-json\/wp\/v2\/types\/page"}],"author":[{"embeddable":true,"href":"https:\/\/betoontuli.ee\/fi\/wp-json\/wp\/v2\/users\/1"}],"replies":[{"embeddable":true,"href":"https:\/\/betoontuli.ee\/fi\/wp-json\/wp\/v2\/comments?post=41"}],"version-history":[{"count":5,"href":"https:\/\/betoontuli.ee\/fi\/wp-json\/wp\/v2\/pages\/41\/revisions"}],"predecessor-version":[{"id":756,"href":"https:\/\/betoontuli.ee\/fi\/wp-json\/wp\/v2\/pages\/41\/revisions\/756"}],"wp:attachment":[{"href":"https:\/\/betoontuli.ee\/fi\/wp-json\/wp\/v2\/media?parent=41"}],"curies":[{"name":"wp","href":"https:\/\/api.w.org\/{rel}","templated":true}]}}