{"id":49,"date":"2018-05-20T19:51:42","date_gmt":"2018-05-20T16:51:42","guid":{"rendered":"http:\/\/betoontuli.ee\/?page_id=49"},"modified":"2020-08-16T21:41:29","modified_gmt":"2020-08-16T18:41:29","slug":"toode-2","status":"publish","type":"page","link":"https:\/\/betoontuli.ee\/fi\/tooted\/toode-2\/","title":{"rendered":"Quadratus"},"content":{"rendered":"<p><span style=\"font-family: helvetica, arial, sans-serif;\"><img loading=\"lazy\" decoding=\"async\" class=\"wp-image-248 aligncenter\" src=\"http:\/\/www.betoontuli.ee\/wp-content\/uploads\/2018\/05\/Kuup-1-300x166.jpg\" alt=\"\" width=\"674\" height=\"373\" srcset=\"https:\/\/betoontuli.ee\/wp-content\/uploads\/2018\/05\/Kuup-1-300x166.jpg 300w, https:\/\/betoontuli.ee\/wp-content\/uploads\/2018\/05\/Kuup-1-768x424.jpg 768w, https:\/\/betoontuli.ee\/wp-content\/uploads\/2018\/05\/Kuup-1-1024x566.jpg 1024w\" sizes=\"auto, (max-width: 674px) 100vw, 674px\" \/> <\/span><\/p>\n<p><span style=\"font-family: helvetica, arial, sans-serif;\"><strong>Koko 80,5 x 80,4\u00a0 cm, korkeus 40 cm <\/strong><\/span><\/p>\n<p><span style=\"font-family: helvetica, arial, sans-serif;\">P\u00f6yd\u00e4ss\u00e4 ruostumattomasta ter\u00e4ksest\u00e4 16 kW s\u00e4\u00e4dett\u00e4v\u00e4 kaasupoltin ja laavakivet. Varustettu 30mb s\u00e4\u00e4timell\u00e4.\u00a0 Polttimen kansi ruostumatonta ter\u00e4st\u00e4. <\/span><\/p>\n<p><span style=\"font-family: helvetica, arial, sans-serif;\">Lis\u00e4n\u00e4 on mahdollista ostaa my\u00f6s keraamiset halot (pakkauksessa 3 kpl) ja tulenkest\u00e4v\u00e4 lasikehys. Kuvassa olevaa tuotetta on mahdollista tilata eris\u00e4vyisin\u00e4 sek\u00e4 erilaisella viimeistelyll\u00e4. Mittoja on mahdollista tarvittaessa my\u00f6s muuttaa. S\u00e4vyst\u00e4, koosta ja viimeistelyst\u00e4 riippuen voi tehd\u00e4 tarjouksen. <\/span><\/p>\n<p><span style=\"font-family: helvetica, arial, sans-serif;\"><strong>Konkreettisen kuvassa olevan tuotteen hinta on 1200.-<\/strong> <\/span><\/p>\n<p><span style=\"font-family: helvetica, arial, sans-serif;\">Keraamiset halot 33.- <\/span><\/p>\n<p><span style=\"font-family: helvetica, arial, sans-serif;\">Tulenkest\u00e4v\u00e4 lasikehys 50 x 50 cm 129.-<\/span><\/p>\n","protected":false},"excerpt":{"rendered":"<p><img loading=\"lazy\" decoding=\"async\" class=\" wp-image-248 aligncenter\" src=\"http:\/\/www.betoontuli.ee\/wp-content\/uploads\/2018\/05\/Kuup-1-300x166.jpg\" alt=\"\" width=\"573\" height=\"317\" srcset=\"https:\/\/betoontuli.ee\/wp-content\/uploads\/2018\/05\/Kuup-1-300x166.jpg 300w, https:\/\/betoontuli.ee\/wp-content\/uploads\/2018\/05\/Kuup-1-768x424.jpg 768w, https:\/\/betoontuli.ee\/wp-content\/uploads\/2018\/05\/Kuup-1-1024x566.jpg 1024w\" sizes=\"auto, (max-width: 573px) 100vw, 573px\" \/><\/p>\n<p><span style=\"color: #ffffff;\">Koko 80,5 x 80,4&nbsp; cm, korkeus 40 cm<\/span><\/p>\n<p><span style=\"colo...\n<\/p>\n","protected":false},"author":1,"featured_media":0,"parent":41,"menu_order":0,"comment_status":"closed","ping_status":"closed","template":"","meta":{"footnotes":""},"class_list":["post-49","page","type-page","status-publish","hentry"],"_links":{"self":[{"href":"https:\/\/betoontuli.ee\/fi\/wp-json\/wp\/v2\/pages\/49","targetHints":{"allow":["GET"]}}],"collection":[{"href":"https:\/\/betoontuli.ee\/fi\/wp-json\/wp\/v2\/pages"}],"about":[{"href":"https:\/\/betoontuli.ee\/fi\/wp-json\/wp\/v2\/types\/page"}],"author":[{"embeddable":true,"href":"https:\/\/betoontuli.ee\/fi\/wp-json\/wp\/v2\/users\/1"}],"replies":[{"embeddable":true,"href":"https:\/\/betoontuli.ee\/fi\/wp-json\/wp\/v2\/comments?post=49"}],"version-history":[{"count":5,"href":"https:\/\/betoontuli.ee\/fi\/wp-json\/wp\/v2\/pages\/49\/revisions"}],"predecessor-version":[{"id":996,"href":"https:\/\/betoontuli.ee\/fi\/wp-json\/wp\/v2\/pages\/49\/revisions\/996"}],"up":[{"embeddable":true,"href":"https:\/\/betoontuli.ee\/fi\/wp-json\/wp\/v2\/pages\/41"}],"wp:attachment":[{"href":"https:\/\/betoontuli.ee\/fi\/wp-json\/wp\/v2\/media?parent=49"}],"curies":[{"name":"wp","href":"https:\/\/api.w.org\/{rel}","templated":true}]}}