{"id":51,"date":"2018-05-20T19:51:54","date_gmt":"2018-05-20T16:51:54","guid":{"rendered":"http:\/\/betoontuli.ee\/?page_id=51"},"modified":"2019-01-28T23:19:31","modified_gmt":"2019-01-28T21:19:31","slug":"tellimine","status":"publish","type":"page","link":"https:\/\/betoontuli.ee\/fi\/tellimine\/","title":{"rendered":"Tilaaminen"},"content":{"rendered":"<p style=\"text-align: justify;\"><span style=\"font-family: helvetica, arial, sans-serif;\">Jos haluat hankkia itselle takkap\u00f6yd\u00e4n, niin ota meihin yhteytt\u00e4, suunnitellaan mill\u00e4 muotoilulla, mink\u00e4 s\u00e4vyisen ja millaisella viimeistelyll\u00e4 haluat p\u00f6yd\u00e4n itsellesi. Jos tilattavan tuotteen mitat ja muotoilu on paikallaan, voimme koostaa teille tarjouksen. Tuotteen valmistusaika enint\u00e4\u00e4n 3 viikkoa.<\/span><\/p>\n","protected":false},"excerpt":{"rendered":"<p>&nbsp;<\/p>\n<p>&nbsp;<\/p>\n<p>Jos haluat hankkia itselle takkap\u00f6yd\u00e4n, niin ota meihin yhteytt\u00e4, suunnitellaan mill\u00e4 muotoilulla, mink\u00e4 s\u00e4vyisen ja millaisella viimeistelyll\u00e4 haluat p\u00f6yd\u00e4n itsellesi. Jos tilattavan tuotteen mitat ja muotoilu on paikallaan, voim&#8230;<\/p>\n","protected":false},"author":1,"featured_media":0,"parent":0,"menu_order":0,"comment_status":"closed","ping_status":"closed","template":"","meta":{"footnotes":""},"class_list":["post-51","page","type-page","status-publish","hentry"],"_links":{"self":[{"href":"https:\/\/betoontuli.ee\/fi\/wp-json\/wp\/v2\/pages\/51","targetHints":{"allow":["GET"]}}],"collection":[{"href":"https:\/\/betoontuli.ee\/fi\/wp-json\/wp\/v2\/pages"}],"about":[{"href":"https:\/\/betoontuli.ee\/fi\/wp-json\/wp\/v2\/types\/page"}],"author":[{"embeddable":true,"href":"https:\/\/betoontuli.ee\/fi\/wp-json\/wp\/v2\/users\/1"}],"replies":[{"embeddable":true,"href":"https:\/\/betoontuli.ee\/fi\/wp-json\/wp\/v2\/comments?post=51"}],"version-history":[{"count":5,"href":"https:\/\/betoontuli.ee\/fi\/wp-json\/wp\/v2\/pages\/51\/revisions"}],"predecessor-version":[{"id":920,"href":"https:\/\/betoontuli.ee\/fi\/wp-json\/wp\/v2\/pages\/51\/revisions\/920"}],"wp:attachment":[{"href":"https:\/\/betoontuli.ee\/fi\/wp-json\/wp\/v2\/media?parent=51"}],"curies":[{"name":"wp","href":"https:\/\/api.w.org\/{rel}","templated":true}]}}