{"id":55,"date":"2018-05-20T19:52:22","date_gmt":"2018-05-20T16:52:22","guid":{"rendered":"http:\/\/betoontuli.ee\/?page_id=55"},"modified":"2018-07-02T23:26:07","modified_gmt":"2018-07-02T20:26:07","slug":"soovitused","status":"publish","type":"page","link":"https:\/\/betoontuli.ee\/fi\/soovitused\/","title":{"rendered":"Suositukset"},"content":{"rendered":"<p><span style=\"font-family: helvetica, arial, sans-serif;\">Jos haluatte s\u00e4ilytt\u00e4\u00e4 takkap\u00f6yd\u00e4n alkuper\u00e4isen viimeistelyn, on suositeltavaa suojata sit\u00e4 suurelta p\u00f6lylt\u00e4, sateelta ja lumelta.<\/span><\/p>\n<p style=\"text-align: justify;\"><span style=\"font-family: helvetica, arial, sans-serif;\">V\u00e4hint\u00e4\u00e4n kerran vuodessa poista kivet ja tarkastele poltinta. Pid\u00e4 poltin puhtaana, puhdistaen sit\u00e4 kerran vuodessa p\u00f6lynimurilla tai harjalla. Varmista, ett\u00e4 polttimen ilma-aukoissa ei olisi vieraita aineita. Tutki polttimen ymp\u00e4rist\u00f6\u00e4, poista p\u00f6ly ja vierasaineet harjalla tai p\u00f6lynimurin avulla.<\/span><\/p>\n<p style=\"text-align: justify;\"><span style=\"font-family: helvetica, arial, sans-serif;\">Betonipintoja voi puhdistaa saippualla ja vedell\u00e4. \u00c4l\u00e4 koskaan k\u00e4yt\u00e4 abrasiiveja tai vahvoja kemikaaleja, sill\u00e4 ne voivat naarmuttaa pintoja.<\/span><\/p>\n<p style=\"text-align: justify;\"><span style=\"font-family: helvetica, arial, sans-serif;\">Viimeistely\u00e4 uudistettaessa on suositeltavaa p\u00e4\u00e4llyst\u00e4\u00e4 takkap\u00f6yd\u00e4t aineella, jolla alkuper\u00e4inen viimeistely tehtiin (millaisella maalilla\/lakalla viimeistelty, kysy myyj\u00e4lt\u00e4).<\/span><\/p>\n","protected":false},"excerpt":{"rendered":"<p>&nbsp;<\/p>\n<p>&nbsp;<\/p>\n<p>&nbsp;<\/p>\n<p>Jos haluatte s\u00e4ilytt\u00e4\u00e4 takkap\u00f6yd\u00e4n alkuper\u00e4isen viimeistelyn, on suositeltavaa suojata sit\u00e4 suurelta p\u00f6lylt\u00e4, sateelta ja lumelta.<\/p>\n<p>V\u00e4hint\u00e4\u00e4n kerran vuodessa poista kivet ja tarkastele poltinta. Pid\u00e4 poltin puhtaana, p&#8230;<\/p>\n","protected":false},"author":1,"featured_media":0,"parent":0,"menu_order":0,"comment_status":"closed","ping_status":"closed","template":"","meta":{"footnotes":""},"class_list":["post-55","page","type-page","status-publish","hentry"],"_links":{"self":[{"href":"https:\/\/betoontuli.ee\/fi\/wp-json\/wp\/v2\/pages\/55","targetHints":{"allow":["GET"]}}],"collection":[{"href":"https:\/\/betoontuli.ee\/fi\/wp-json\/wp\/v2\/pages"}],"about":[{"href":"https:\/\/betoontuli.ee\/fi\/wp-json\/wp\/v2\/types\/page"}],"author":[{"embeddable":true,"href":"https:\/\/betoontuli.ee\/fi\/wp-json\/wp\/v2\/users\/1"}],"replies":[{"embeddable":true,"href":"https:\/\/betoontuli.ee\/fi\/wp-json\/wp\/v2\/comments?post=55"}],"version-history":[{"count":5,"href":"https:\/\/betoontuli.ee\/fi\/wp-json\/wp\/v2\/pages\/55\/revisions"}],"predecessor-version":[{"id":862,"href":"https:\/\/betoontuli.ee\/fi\/wp-json\/wp\/v2\/pages\/55\/revisions\/862"}],"wp:attachment":[{"href":"https:\/\/betoontuli.ee\/fi\/wp-json\/wp\/v2\/media?parent=55"}],"curies":[{"name":"wp","href":"https:\/\/api.w.org\/{rel}","templated":true}]}}